{"id":61,"date":"2023-07-19T15:05:26","date_gmt":"2023-07-19T18:05:26","guid":{"rendered":"https:\/\/marcelolightwriter.com.br\/?page_id=61"},"modified":"2023-11-24T12:52:48","modified_gmt":"2023-11-24T15:52:48","slug":"ensaios","status":"publish","type":"page","link":"https:\/\/marcelolightwriter.com.br\/index.php\/ensaios\/","title":{"rendered":"Ensaios"},"content":{"rendered":"","protected":false},"excerpt":{"rendered":"","protected":false},"author":1,"featured_media":0,"parent":0,"menu_order":0,"comment_status":"closed","ping_status":"closed","template":"","meta":{"footnotes":""},"class_list":["post-61","page","type-page","status-publish","hentry"],"yoast_head":"<!-- This site is optimized with the Yoast SEO plugin v26.1.1 - https:\/\/yoast.com\/wordpress\/plugins\/seo\/ -->\n<title>Ensaios - Marcelo Lightwriter<\/title>\n<meta name=\"robots\" content=\"index, follow, max-snippet:-1, max-image-preview:large, max-video-preview:-1\" \/>\n<link rel=\"canonical\" href=\"https:\/\/www.marcelolightwriter.com.br\/index.php\/ensaios\/\" \/>\n<meta property=\"og:locale\" content=\"pt_BR\" \/>\n<meta property=\"og:type\" content=\"article\" \/>\n<meta property=\"og:title\" content=\"Ensaios - Marcelo Lightwriter\" \/>\n<meta property=\"og:url\" content=\"https:\/\/www.marcelolightwriter.com.br\/index.php\/ensaios\/\" \/>\n<meta property=\"og:site_name\" content=\"Marcelo Lightwriter\" \/>\n<meta property=\"article:modified_time\" content=\"2023-11-24T15:52:48+00:00\" \/>\n<meta name=\"twitter:card\" content=\"summary_large_image\" \/>\n<script type=\"application\/ld+json\" class=\"yoast-schema-graph\">{\"@context\":\"https:\/\/schema.org\",\"@graph\":[{\"@type\":\"WebPage\",\"@id\":\"https:\/\/www.marcelolightwriter.com.br\/index.php\/ensaios\/\",\"url\":\"https:\/\/www.marcelolightwriter.com.br\/index.php\/ensaios\/\",\"name\":\"Ensaios - Marcelo Lightwriter\",\"isPartOf\":{\"@id\":\"https:\/\/www.marcelolightwriter.com.br\/#website\"},\"datePublished\":\"2023-07-19T18:05:26+00:00\",\"dateModified\":\"2023-11-24T15:52:48+00:00\",\"breadcrumb\":{\"@id\":\"https:\/\/www.marcelolightwriter.com.br\/index.php\/ensaios\/#breadcrumb\"},\"inLanguage\":\"pt-BR\",\"potentialAction\":[{\"@type\":\"ReadAction\",\"target\":[\"https:\/\/www.marcelolightwriter.com.br\/index.php\/ensaios\/\"]}]},{\"@type\":\"BreadcrumbList\",\"@id\":\"https:\/\/www.marcelolightwriter.com.br\/index.php\/ensaios\/#breadcrumb\",\"itemListElement\":[{\"@type\":\"ListItem\",\"position\":1,\"name\":\"In\u00edcio\",\"item\":\"https:\/\/www.marcelolightwriter.com.br\/\"},{\"@type\":\"ListItem\",\"position\":2,\"name\":\"Ensaios\"}]},{\"@type\":\"WebSite\",\"@id\":\"https:\/\/www.marcelolightwriter.com.br\/#website\",\"url\":\"https:\/\/www.marcelolightwriter.com.br\/\",\"name\":\"Marcelo Lightwriter\",\"description\":\"Capturando momentos aut\u00eanticos com t\u00e9cnica, criatividade e emo\u00e7\u00e3o, em cada clique\",\"potentialAction\":[{\"@type\":\"SearchAction\",\"target\":{\"@type\":\"EntryPoint\",\"urlTemplate\":\"https:\/\/www.marcelolightwriter.com.br\/?s={search_term_string}\"},\"query-input\":{\"@type\":\"PropertyValueSpecification\",\"valueRequired\":true,\"valueName\":\"search_term_string\"}}],\"inLanguage\":\"pt-BR\"}]}<\/script>\n<!-- \/ Yoast SEO plugin. -->","yoast_head_json":{"title":"Ensaios - Marcelo Lightwriter","robots":{"index":"index","follow":"follow","max-snippet":"max-snippet:-1","max-image-preview":"max-image-preview:large","max-video-preview":"max-video-preview:-1"},"canonical":"https:\/\/www.marcelolightwriter.com.br\/index.php\/ensaios\/","og_locale":"pt_BR","og_type":"article","og_title":"Ensaios - Marcelo Lightwriter","og_url":"https:\/\/www.marcelolightwriter.com.br\/index.php\/ensaios\/","og_site_name":"Marcelo Lightwriter","article_modified_time":"2023-11-24T15:52:48+00:00","twitter_card":"summary_large_image","schema":{"@context":"https:\/\/schema.org","@graph":[{"@type":"WebPage","@id":"https:\/\/www.marcelolightwriter.com.br\/index.php\/ensaios\/","url":"https:\/\/www.marcelolightwriter.com.br\/index.php\/ensaios\/","name":"Ensaios - Marcelo Lightwriter","isPartOf":{"@id":"https:\/\/www.marcelolightwriter.com.br\/#website"},"datePublished":"2023-07-19T18:05:26+00:00","dateModified":"2023-11-24T15:52:48+00:00","breadcrumb":{"@id":"https:\/\/www.marcelolightwriter.com.br\/index.php\/ensaios\/#breadcrumb"},"inLanguage":"pt-BR","potentialAction":[{"@type":"ReadAction","target":["https:\/\/www.marcelolightwriter.com.br\/index.php\/ensaios\/"]}]},{"@type":"BreadcrumbList","@id":"https:\/\/www.marcelolightwriter.com.br\/index.php\/ensaios\/#breadcrumb","itemListElement":[{"@type":"ListItem","position":1,"name":"In\u00edcio","item":"https:\/\/www.marcelolightwriter.com.br\/"},{"@type":"ListItem","position":2,"name":"Ensaios"}]},{"@type":"WebSite","@id":"https:\/\/www.marcelolightwriter.com.br\/#website","url":"https:\/\/www.marcelolightwriter.com.br\/","name":"Marcelo Lightwriter","description":"Capturando momentos aut\u00eanticos com t\u00e9cnica, criatividade e emo\u00e7\u00e3o, em cada clique","potentialAction":[{"@type":"SearchAction","target":{"@type":"EntryPoint","urlTemplate":"https:\/\/www.marcelolightwriter.com.br\/?s={search_term_string}"},"query-input":{"@type":"PropertyValueSpecification","valueRequired":true,"valueName":"search_term_string"}}],"inLanguage":"pt-BR"}]}},"jetpack_sharing_enabled":true,"jetpack_likes_enabled":true,"_links":{"self":[{"href":"https:\/\/marcelolightwriter.com.br\/index.php\/wp-json\/wp\/v2\/pages\/61","targetHints":{"allow":["GET"]}}],"collection":[{"href":"https:\/\/marcelolightwriter.com.br\/index.php\/wp-json\/wp\/v2\/pages"}],"about":[{"href":"https:\/\/marcelolightwriter.com.br\/index.php\/wp-json\/wp\/v2\/types\/page"}],"author":[{"embeddable":true,"href":"https:\/\/marcelolightwriter.com.br\/index.php\/wp-json\/wp\/v2\/users\/1"}],"replies":[{"embeddable":true,"href":"https:\/\/marcelolightwriter.com.br\/index.php\/wp-json\/wp\/v2\/comments?post=61"}],"version-history":[{"count":0,"href":"https:\/\/marcelolightwriter.com.br\/index.php\/wp-json\/wp\/v2\/pages\/61\/revisions"}],"wp:attachment":[{"href":"https:\/\/marcelolightwriter.com.br\/index.php\/wp-json\/wp\/v2\/media?parent=61"}],"curies":[{"name":"wp","href":"https:\/\/api.w.org\/{rel}","templated":true}]}}