{"id":289,"date":"2023-11-20T12:33:18","date_gmt":"2023-11-20T15:33:18","guid":{"rendered":"https:\/\/marcelolightwriter.com.br\/?page_id=289"},"modified":"2023-11-24T16:16:20","modified_gmt":"2023-11-24T19:16:20","slug":"eventos","status":"publish","type":"page","link":"https:\/\/marcelolightwriter.com.br\/index.php\/eventos\/","title":{"rendered":"Eventos"},"content":{"rendered":"\n<h3 class=\"wp-block-heading\"><strong>CBTM<\/strong><\/h3>\n\n\n<style>#jtg-505 .modula-item .jtg-social a, .lightbox-socials.jtg-social a{ fill: #ffffff; color: #ffffff }#jtg-505 .modula-item .jtg-social-expandable a, #jtg-505 .modula-item .jtg-social-expandable-icons a{ fill: #ffffff; color: #ffffff }#jtg-505 .modula-item .jtg-social svg, .lightbox-socials.jtg-social svg { height: 16px; width: 16px }#jtg-505 .modula-item .jtg-social-expandable svg { height: 16px; width: 16px }#jtg-505 .modula-item .jtg-social-expandable-icons svg { height: 16px; width: 16px }#jtg-505 .modula-item .jtg-social a:not(:last-child), .lightbox-socials.jtg-social a:not(:last-child) { margin-right: 10px }#jtg-505 .modula-item .jtg-social-expandable-icons { gap: 10px }#jtg-505 .modula-item .figc {color:#ffffff;}#jtg-505 .modula-item .modula-item-content { transform: scale(1); }#jtg-505 { width:100%;}#jtg-505 .modula-items{height:800px;}@media screen and (max-width: 992px) {#jtg-505 .modula-items{height:800px;}}@media screen and (max-width: 768px) {#jtg-505 .modula-items{height:800px;}}#jtg-505 .modula-items .figc p.description { font-size:14px; }#jtg-505 .modula-items .figc p.description { color:#ffffff;}#jtg-505.modula-gallery .modula-item > a, #jtg-505.modula-gallery .modula-item, #jtg-505.modula-gallery .modula-item-content > a:not(.modula-no-follow) { cursor:zoom-in; } #jtg-505.modula-gallery .modula-item-content .modula-no-follow { cursor: default; } @media screen and (max-width:480px){#jtg-505 .modula-item .figc .jtg-title {  font-size: 12px; }#jtg-505 .modula-items .figc p.description { color:#ffffff;font-size:10px; }}<\/style>\n<div  id=\"jtg-505\" class=\"modula modula-gallery modula-creative-gallery\" data-config=\"{&quot;height&quot;:800,&quot;tabletHeight&quot;:800,&quot;mobileHeight&quot;:800,&quot;desktopHeight&quot;:800,&quot;enableTwitter&quot;:false,&quot;enableWhatsapp&quot;:false,&quot;enableFacebook&quot;:false,&quot;enablePinterest&quot;:false,&quot;enableLinkedin&quot;:false,&quot;enableEmail&quot;:false,&quot;randomFactor&quot;:0.5,&quot;type&quot;:&quot;creative-gallery&quot;,&quot;columns&quot;:12,&quot;gutter&quot;:10,&quot;mobileGutter&quot;:10,&quot;tabletGutter&quot;:10,&quot;desktopGutter&quot;:10,&quot;enableResponsive&quot;:&quot;0&quot;,&quot;tabletColumns&quot;:&quot;2&quot;,&quot;mobileColumns&quot;:&quot;1&quot;,&quot;lazyLoad&quot;:0,&quot;lightboxOpts&quot;:{&quot;animated&quot;:true,&quot;Thumbs&quot;:{&quot;type&quot;:&quot;modern&quot;,&quot;showOnStart&quot;:false},&quot;Toolbar&quot;:{&quot;display&quot;:{&quot;right&quot;:[&quot;close&quot;]},&quot;enabled&quot;:true},&quot;Carousel&quot;:{&quot;Panzoom&quot;:{&quot;touch&quot;:false},&quot;infinite&quot;:false},&quot;keyboard&quot;:{&quot;Escape&quot;:&quot;close&quot;,&quot;Delete&quot;:&quot;close&quot;,&quot;Backspace&quot;:&quot;close&quot;,&quot;PageUp&quot;:false,&quot;PageDown&quot;:false,&quot;ArrowUp&quot;:false,&quot;ArrowDown&quot;:false,&quot;ArrowRight&quot;:false,&quot;ArrowLeft&quot;:false},&quot;touch&quot;:false,&quot;backdropClick&quot;:false,&quot;l10n&quot;:{&quot;CLOSE&quot;:&quot;Fechar&quot;,&quot;NEXT&quot;:&quot;Pr\\u00f3ximo&quot;,&quot;PREV&quot;:&quot;Anterior&quot;,&quot;Error&quot;:&quot;N\\u00e3o foi poss\\u00edvel carregar o conte\\u00fado solicitado. Tente novamente mais tarde.&quot;,&quot;PLAY_START&quot;:&quot;Iniciar apresenta\\u00e7\\u00e3o de slides&quot;,&quot;PLAY_STOP&quot;:&quot;Pausar apresenta\\u00e7\\u00e3o de slides&quot;,&quot;FULL_SCREEN&quot;:&quot;Tela cheia&quot;,&quot;THUMBS&quot;:&quot;Miniaturas&quot;,&quot;DOWNLOAD&quot;:&quot;Baixar&quot;,&quot;SHARE&quot;:&quot;Compartilhar&quot;,&quot;ZOOM&quot;:&quot;Ampliar&quot;,&quot;EMAIL&quot;:&quot;Aqui est\\u00e1 o link para a imagem: %%image_link%% e este \\u00e9 o link para a galeria: %%gallery_link%%&quot;,&quot;MODAL&quot;:&quot;Voc\\u00ea pode dispensar este conte\\u00fado com a tecla ESC&quot;,&quot;ERROR&quot;:&quot;Algo deu errado, tente novamente mais tarde&quot;,&quot;IMAGE_ERROR&quot;:&quot;Imagem n\\u00e3o encontrada&quot;,&quot;ELEMENT_NOT_FOUND&quot;:&quot;Elemento HTML n\\u00e3o encontrado&quot;,&quot;AJAX_NOT_FOUND&quot;:&quot;Erro ao carregar AJAX: N\\u00e3o encontrado&quot;,&quot;AJAX_FORBIDDEN&quot;:&quot;Erro ao carregar AJAX: N\\u00e3o autorizado&quot;,&quot;IFRAME_ERROR&quot;:&quot;Erro ao carregar a p\\u00e1gina&quot;,&quot;TOGGLE_ZOOM&quot;:&quot;Alternar n\\u00edvel de zoom&quot;,&quot;TOGGLE_THUMBS&quot;:&quot;Alternar miniaturas&quot;,&quot;TOGGLE_SLIDESHOW&quot;:&quot;Alternar exibi\\u00e7\\u00e3o de slides&quot;,&quot;TOGGLE_FULLSCREEN&quot;:&quot;Alternar modo de tela cheia&quot;},&quot;Images&quot;:{&quot;Panzoom&quot;:{&quot;maxScale&quot;:2}},&quot;mainClass&quot;:&quot;modula-fancybox-container modula-lightbox-jtg-505&quot;,&quot;Html&quot;:{&quot;videoAutoplay&quot;:0,&quot;videoTpl&quot;:&quot;&lt;video class=\\&quot;fancybox__html5video\\&quot; controls muted playsinline controlsList controlsList=\\&quot;nodownload\\&quot; poster=\\&quot;{{poster}}\\&quot; src=\\&quot;{{src}}\\&quot; type=\\&quot;{{format}}\\&quot; &gt;  Sorry, your browser doesn&#039;t support embedded videos, &lt;a href=\\&quot;{{src}}\\&quot;&gt; download &lt;\\\/a&gt; and watch with your favorite video player! &lt;\\\/video&gt;&quot;}},&quot;inView&quot;:false,&quot;email_subject&quot;:&quot;Check out this awesome image !!&quot;,&quot;email_message&quot;:&quot;Here is the link to the image : %%image_link%% and this is the link to the gallery : %%gallery_link%%&quot;,&quot;lightbox&quot;:&quot;fancybox&quot;}\">\n\n\t\n\t<div  class=\"modula-items\">\n\t\t<div class=\"modula-item effect-pufrobo\" >\n\t<div class=\"modula-item-overlay\"><\/div>\n\n\t<div class=\"modula-item-content\">\n\n\t\t\t\t\n\t\t\t\t\t<a data-image-id=\"506\" role=\"button\" data-elementor-open-lightbox=\"no\" tabindex=\"0\" rel=\"jtg-505\" data-caption=\"\" aria-label=\"Abrir imagem no lightbox\" class=\"tile-inner modula-item-link\"><\/a>\n\t\t\n\t\t<img fetchpriority=\"high\" decoding=\"async\" class=\"pic wp-image-506\"  data-valign=\"middle\" data-halign=\"center\" alt=\"\" data-full=\"https:\/\/marcelolightwriter.com.br\/wp-content\/uploads\/2023\/11\/7V9A0315.jpg\" title=\"7V9A0315\" width=\"300\" height=\"200\" src=\"https:\/\/marcelolightwriter.com.br\/wp-content\/uploads\/2023\/11\/7V9A0315-300x200.jpg\" data-src=\"https:\/\/marcelolightwriter.com.br\/wp-content\/uploads\/2023\/11\/7V9A0315-300x200.jpg\" data-caption=\"\" srcset=\"https:\/\/marcelolightwriter.com.br\/wp-content\/uploads\/2023\/11\/7V9A0315.jpg 2048w, https:\/\/marcelolightwriter.com.br\/wp-content\/uploads\/2023\/11\/7V9A0315-300x200.jpg 300w, https:\/\/marcelolightwriter.com.br\/wp-content\/uploads\/2023\/11\/7V9A0315-1024x683.jpg 1024w, https:\/\/marcelolightwriter.com.br\/wp-content\/uploads\/2023\/11\/7V9A0315-768x512.jpg 768w, https:\/\/marcelolightwriter.com.br\/wp-content\/uploads\/2023\/11\/7V9A0315-1536x1024.jpg 1536w, https:\/\/marcelolightwriter.com.br\/wp-content\/uploads\/2023\/11\/7V9A0315-1140x760.jpg 1140w\" sizes=\"(max-width: 300px) 100vw, 300px\" \/>\n\t\t<div class=\"figc no-description\">\n\t\t\t<div class=\"figc-inner\">\n\t\t\t\t\t\t\t\t\t\t\t\t\t\t\t<\/div>\n\t\t<\/div>\n\n\t<\/div>\n\n<\/div><div class=\"modula-item effect-pufrobo\" >\n\t<div class=\"modula-item-overlay\"><\/div>\n\n\t<div class=\"modula-item-content\">\n\n\t\t\t\t\n\t\t\t\t\t<a data-image-id=\"507\" role=\"button\" data-elementor-open-lightbox=\"no\" tabindex=\"0\" rel=\"jtg-505\" data-caption=\"\" aria-label=\"Abrir imagem no lightbox\" class=\"tile-inner modula-item-link\"><\/a>\n\t\t\n\t\t<img decoding=\"async\" class=\"pic wp-image-507\"  data-valign=\"middle\" data-halign=\"center\" alt=\"\" data-full=\"https:\/\/marcelolightwriter.com.br\/wp-content\/uploads\/2023\/11\/7V9A0540-Edit.jpg\" title=\"7V9A0540-Edit\" width=\"300\" height=\"240\" src=\"https:\/\/marcelolightwriter.com.br\/wp-content\/uploads\/2023\/11\/7V9A0540-Edit-300x240.jpg\" data-src=\"https:\/\/marcelolightwriter.com.br\/wp-content\/uploads\/2023\/11\/7V9A0540-Edit-300x240.jpg\" data-caption=\"\" srcset=\"https:\/\/marcelolightwriter.com.br\/wp-content\/uploads\/2023\/11\/7V9A0540-Edit.jpg 2048w, https:\/\/marcelolightwriter.com.br\/wp-content\/uploads\/2023\/11\/7V9A0540-Edit-300x240.jpg 300w, https:\/\/marcelolightwriter.com.br\/wp-content\/uploads\/2023\/11\/7V9A0540-Edit-1024x819.jpg 1024w, https:\/\/marcelolightwriter.com.br\/wp-content\/uploads\/2023\/11\/7V9A0540-Edit-768x614.jpg 768w, https:\/\/marcelolightwriter.com.br\/wp-content\/uploads\/2023\/11\/7V9A0540-Edit-1536x1229.jpg 1536w, https:\/\/marcelolightwriter.com.br\/wp-content\/uploads\/2023\/11\/7V9A0540-Edit-1140x912.jpg 1140w\" sizes=\"(max-width: 300px) 100vw, 300px\" \/>\n\t\t<div class=\"figc no-description\">\n\t\t\t<div class=\"figc-inner\">\n\t\t\t\t\t\t\t\t\t\t\t\t\t\t\t<\/div>\n\t\t<\/div>\n\n\t<\/div>\n\n<\/div><div class=\"modula-item effect-pufrobo\" >\n\t<div class=\"modula-item-overlay\"><\/div>\n\n\t<div class=\"modula-item-content\">\n\n\t\t\t\t\n\t\t\t\t\t<a data-image-id=\"508\" role=\"button\" data-elementor-open-lightbox=\"no\" tabindex=\"0\" rel=\"jtg-505\" data-caption=\"\" aria-label=\"Abrir imagem no lightbox\" class=\"tile-inner modula-item-link\"><\/a>\n\t\t\n\t\t<img decoding=\"async\" class=\"pic wp-image-508\"  data-valign=\"middle\" data-halign=\"center\" alt=\"\" data-full=\"https:\/\/marcelolightwriter.com.br\/wp-content\/uploads\/2023\/11\/7V9A0835-Edit.jpg\" title=\"7V9A0835-Edit\" width=\"300\" height=\"200\" src=\"https:\/\/marcelolightwriter.com.br\/wp-content\/uploads\/2023\/11\/7V9A0835-Edit-300x200.jpg\" data-src=\"https:\/\/marcelolightwriter.com.br\/wp-content\/uploads\/2023\/11\/7V9A0835-Edit-300x200.jpg\" data-caption=\"\" srcset=\"https:\/\/marcelolightwriter.com.br\/wp-content\/uploads\/2023\/11\/7V9A0835-Edit.jpg 2048w, https:\/\/marcelolightwriter.com.br\/wp-content\/uploads\/2023\/11\/7V9A0835-Edit-300x200.jpg 300w, https:\/\/marcelolightwriter.com.br\/wp-content\/uploads\/2023\/11\/7V9A0835-Edit-1024x683.jpg 1024w, https:\/\/marcelolightwriter.com.br\/wp-content\/uploads\/2023\/11\/7V9A0835-Edit-768x512.jpg 768w, https:\/\/marcelolightwriter.com.br\/wp-content\/uploads\/2023\/11\/7V9A0835-Edit-1536x1024.jpg 1536w, https:\/\/marcelolightwriter.com.br\/wp-content\/uploads\/2023\/11\/7V9A0835-Edit-1140x760.jpg 1140w\" sizes=\"(max-width: 300px) 100vw, 300px\" \/>\n\t\t<div class=\"figc no-description\">\n\t\t\t<div class=\"figc-inner\">\n\t\t\t\t\t\t\t\t\t\t\t\t\t\t\t<\/div>\n\t\t<\/div>\n\n\t<\/div>\n\n<\/div><div class=\"modula-item effect-pufrobo\" >\n\t<div class=\"modula-item-overlay\"><\/div>\n\n\t<div class=\"modula-item-content\">\n\n\t\t\t\t\n\t\t\t\t\t<a data-image-id=\"509\" role=\"button\" data-elementor-open-lightbox=\"no\" tabindex=\"0\" rel=\"jtg-505\" data-caption=\"\" aria-label=\"Abrir imagem no lightbox\" class=\"tile-inner modula-item-link\"><\/a>\n\t\t\n\t\t<img loading=\"lazy\" decoding=\"async\" class=\"pic wp-image-509\"  data-valign=\"middle\" data-halign=\"center\" alt=\"\" data-full=\"https:\/\/marcelolightwriter.com.br\/wp-content\/uploads\/2023\/11\/7V9A2600.jpg\" title=\"7V9A2600\" width=\"300\" height=\"200\" src=\"https:\/\/marcelolightwriter.com.br\/wp-content\/uploads\/2023\/11\/7V9A2600-300x200.jpg\" data-src=\"https:\/\/marcelolightwriter.com.br\/wp-content\/uploads\/2023\/11\/7V9A2600-300x200.jpg\" data-caption=\"\" srcset=\"https:\/\/marcelolightwriter.com.br\/wp-content\/uploads\/2023\/11\/7V9A2600.jpg 2048w, https:\/\/marcelolightwriter.com.br\/wp-content\/uploads\/2023\/11\/7V9A2600-300x200.jpg 300w, https:\/\/marcelolightwriter.com.br\/wp-content\/uploads\/2023\/11\/7V9A2600-1024x683.jpg 1024w, https:\/\/marcelolightwriter.com.br\/wp-content\/uploads\/2023\/11\/7V9A2600-768x512.jpg 768w, https:\/\/marcelolightwriter.com.br\/wp-content\/uploads\/2023\/11\/7V9A2600-1536x1024.jpg 1536w, https:\/\/marcelolightwriter.com.br\/wp-content\/uploads\/2023\/11\/7V9A2600-1140x760.jpg 1140w\" sizes=\"(max-width: 300px) 100vw, 300px\" \/>\n\t\t<div class=\"figc no-description\">\n\t\t\t<div class=\"figc-inner\">\n\t\t\t\t\t\t\t\t\t\t\t\t\t\t\t<\/div>\n\t\t<\/div>\n\n\t<\/div>\n\n<\/div><div class=\"modula-item effect-pufrobo\" >\n\t<div class=\"modula-item-overlay\"><\/div>\n\n\t<div class=\"modula-item-content\">\n\n\t\t\t\t\n\t\t\t\t\t<a data-image-id=\"510\" role=\"button\" data-elementor-open-lightbox=\"no\" tabindex=\"0\" rel=\"jtg-505\" data-caption=\"\" aria-label=\"Abrir imagem no lightbox\" class=\"tile-inner modula-item-link\"><\/a>\n\t\t\n\t\t<img loading=\"lazy\" decoding=\"async\" class=\"pic wp-image-510\"  data-valign=\"middle\" data-halign=\"center\" alt=\"\" data-full=\"https:\/\/marcelolightwriter.com.br\/wp-content\/uploads\/2023\/11\/7V9A2640.jpg\" title=\"7V9A2640\" width=\"300\" height=\"200\" src=\"https:\/\/marcelolightwriter.com.br\/wp-content\/uploads\/2023\/11\/7V9A2640-300x200.jpg\" data-src=\"https:\/\/marcelolightwriter.com.br\/wp-content\/uploads\/2023\/11\/7V9A2640-300x200.jpg\" data-caption=\"\" srcset=\"https:\/\/marcelolightwriter.com.br\/wp-content\/uploads\/2023\/11\/7V9A2640.jpg 2048w, https:\/\/marcelolightwriter.com.br\/wp-content\/uploads\/2023\/11\/7V9A2640-300x200.jpg 300w, https:\/\/marcelolightwriter.com.br\/wp-content\/uploads\/2023\/11\/7V9A2640-1024x683.jpg 1024w, https:\/\/marcelolightwriter.com.br\/wp-content\/uploads\/2023\/11\/7V9A2640-768x512.jpg 768w, https:\/\/marcelolightwriter.com.br\/wp-content\/uploads\/2023\/11\/7V9A2640-1536x1024.jpg 1536w, https:\/\/marcelolightwriter.com.br\/wp-content\/uploads\/2023\/11\/7V9A2640-1140x760.jpg 1140w\" sizes=\"(max-width: 300px) 100vw, 300px\" \/>\n\t\t<div class=\"figc no-description\">\n\t\t\t<div class=\"figc-inner\">\n\t\t\t\t\t\t\t\t\t\t\t\t\t\t\t<\/div>\n\t\t<\/div>\n\n\t<\/div>\n\n<\/div><div class=\"modula-item effect-pufrobo\" >\n\t<div class=\"modula-item-overlay\"><\/div>\n\n\t<div class=\"modula-item-content\">\n\n\t\t\t\t\n\t\t\t\t\t<a data-image-id=\"511\" role=\"button\" data-elementor-open-lightbox=\"no\" tabindex=\"0\" rel=\"jtg-505\" data-caption=\"\" aria-label=\"Abrir imagem no lightbox\" class=\"tile-inner modula-item-link\"><\/a>\n\t\t\n\t\t<img loading=\"lazy\" decoding=\"async\" class=\"pic wp-image-511\"  data-valign=\"middle\" data-halign=\"center\" alt=\"\" data-full=\"https:\/\/marcelolightwriter.com.br\/wp-content\/uploads\/2023\/11\/NIKON-D55003087-1.jpg\" title=\"NIKON D55003087\" width=\"300\" height=\"200\" src=\"https:\/\/marcelolightwriter.com.br\/wp-content\/uploads\/2023\/11\/NIKON-D55003087-1-300x200.jpg\" data-src=\"https:\/\/marcelolightwriter.com.br\/wp-content\/uploads\/2023\/11\/NIKON-D55003087-1-300x200.jpg\" data-caption=\"\" srcset=\"https:\/\/marcelolightwriter.com.br\/wp-content\/uploads\/2023\/11\/NIKON-D55003087-1.jpg 1350w, https:\/\/marcelolightwriter.com.br\/wp-content\/uploads\/2023\/11\/NIKON-D55003087-1-300x200.jpg 300w, https:\/\/marcelolightwriter.com.br\/wp-content\/uploads\/2023\/11\/NIKON-D55003087-1-1024x683.jpg 1024w, https:\/\/marcelolightwriter.com.br\/wp-content\/uploads\/2023\/11\/NIKON-D55003087-1-768x512.jpg 768w, https:\/\/marcelolightwriter.com.br\/wp-content\/uploads\/2023\/11\/NIKON-D55003087-1-1140x760.jpg 1140w\" sizes=\"(max-width: 300px) 100vw, 300px\" \/>\n\t\t<div class=\"figc no-description\">\n\t\t\t<div class=\"figc-inner\">\n\t\t\t\t\t\t\t\t\t\t\t\t\t\t\t<\/div>\n\t\t<\/div>\n\n\t<\/div>\n\n<\/div>\t\t\n\t<\/div>\n\n\t\n\t\n\t<script type=\"application\/ld+json\">\n\t{\n\t\t\"@context\": \"http:\/\/schema.org\",\n\t\t\"@type\"   : \"ImageGallery\",\n\t\t\"id\"      : \"https:\/\/marcelolightwriter.com.br\/index.php\/eventos\/\",\n\t\t\"url\"     : \"https:\/\/marcelolightwriter.com.br\/index.php\/eventos\/\"\n\t}\n\n\t<\/script>\n\n\t\n<\/div>\n\n","protected":false},"excerpt":{"rendered":"<p>CBTM<\/p>\n","protected":false},"author":1,"featured_media":0,"parent":0,"menu_order":0,"comment_status":"closed","ping_status":"closed","template":"","meta":{"footnotes":""},"class_list":["post-289","page","type-page","status-publish","hentry"],"yoast_head":"<!-- This site is optimized with the Yoast SEO plugin v26.1.1 - https:\/\/yoast.com\/wordpress\/plugins\/seo\/ -->\n<title>Eventos - Marcelo Lightwriter<\/title>\n<meta name=\"robots\" content=\"index, follow, max-snippet:-1, max-image-preview:large, max-video-preview:-1\" \/>\n<link rel=\"canonical\" href=\"https:\/\/marcelolightwriter.com.br\/index.php\/eventos\/\" \/>\n<meta property=\"og:locale\" content=\"pt_BR\" \/>\n<meta property=\"og:type\" content=\"article\" \/>\n<meta property=\"og:title\" content=\"Eventos - Marcelo Lightwriter\" \/>\n<meta property=\"og:description\" content=\"CBTM\" \/>\n<meta property=\"og:url\" content=\"https:\/\/marcelolightwriter.com.br\/index.php\/eventos\/\" \/>\n<meta property=\"og:site_name\" content=\"Marcelo Lightwriter\" \/>\n<meta property=\"article:modified_time\" content=\"2023-11-24T19:16:20+00:00\" \/>\n<meta name=\"twitter:card\" content=\"summary_large_image\" \/>\n<script type=\"application\/ld+json\" class=\"yoast-schema-graph\">{\"@context\":\"https:\/\/schema.org\",\"@graph\":[{\"@type\":\"WebPage\",\"@id\":\"https:\/\/marcelolightwriter.com.br\/index.php\/eventos\/\",\"url\":\"https:\/\/marcelolightwriter.com.br\/index.php\/eventos\/\",\"name\":\"Eventos - Marcelo Lightwriter\",\"isPartOf\":{\"@id\":\"https:\/\/www.marcelolightwriter.com.br\/#website\"},\"datePublished\":\"2023-11-20T15:33:18+00:00\",\"dateModified\":\"2023-11-24T19:16:20+00:00\",\"breadcrumb\":{\"@id\":\"https:\/\/marcelolightwriter.com.br\/index.php\/eventos\/#breadcrumb\"},\"inLanguage\":\"pt-BR\",\"potentialAction\":[{\"@type\":\"ReadAction\",\"target\":[\"https:\/\/marcelolightwriter.com.br\/index.php\/eventos\/\"]}]},{\"@type\":\"BreadcrumbList\",\"@id\":\"https:\/\/marcelolightwriter.com.br\/index.php\/eventos\/#breadcrumb\",\"itemListElement\":[{\"@type\":\"ListItem\",\"position\":1,\"name\":\"In\u00edcio\",\"item\":\"https:\/\/www.marcelolightwriter.com.br\/\"},{\"@type\":\"ListItem\",\"position\":2,\"name\":\"Eventos\"}]},{\"@type\":\"WebSite\",\"@id\":\"https:\/\/www.marcelolightwriter.com.br\/#website\",\"url\":\"https:\/\/www.marcelolightwriter.com.br\/\",\"name\":\"Marcelo Lightwriter\",\"description\":\"Capturando momentos aut\u00eanticos com t\u00e9cnica, criatividade e emo\u00e7\u00e3o, em cada clique\",\"potentialAction\":[{\"@type\":\"SearchAction\",\"target\":{\"@type\":\"EntryPoint\",\"urlTemplate\":\"https:\/\/www.marcelolightwriter.com.br\/?s={search_term_string}\"},\"query-input\":{\"@type\":\"PropertyValueSpecification\",\"valueRequired\":true,\"valueName\":\"search_term_string\"}}],\"inLanguage\":\"pt-BR\"}]}<\/script>\n<!-- \/ Yoast SEO plugin. -->","yoast_head_json":{"title":"Eventos - Marcelo Lightwriter","robots":{"index":"index","follow":"follow","max-snippet":"max-snippet:-1","max-image-preview":"max-image-preview:large","max-video-preview":"max-video-preview:-1"},"canonical":"https:\/\/marcelolightwriter.com.br\/index.php\/eventos\/","og_locale":"pt_BR","og_type":"article","og_title":"Eventos - Marcelo Lightwriter","og_description":"CBTM","og_url":"https:\/\/marcelolightwriter.com.br\/index.php\/eventos\/","og_site_name":"Marcelo Lightwriter","article_modified_time":"2023-11-24T19:16:20+00:00","twitter_card":"summary_large_image","schema":{"@context":"https:\/\/schema.org","@graph":[{"@type":"WebPage","@id":"https:\/\/marcelolightwriter.com.br\/index.php\/eventos\/","url":"https:\/\/marcelolightwriter.com.br\/index.php\/eventos\/","name":"Eventos - Marcelo Lightwriter","isPartOf":{"@id":"https:\/\/www.marcelolightwriter.com.br\/#website"},"datePublished":"2023-11-20T15:33:18+00:00","dateModified":"2023-11-24T19:16:20+00:00","breadcrumb":{"@id":"https:\/\/marcelolightwriter.com.br\/index.php\/eventos\/#breadcrumb"},"inLanguage":"pt-BR","potentialAction":[{"@type":"ReadAction","target":["https:\/\/marcelolightwriter.com.br\/index.php\/eventos\/"]}]},{"@type":"BreadcrumbList","@id":"https:\/\/marcelolightwriter.com.br\/index.php\/eventos\/#breadcrumb","itemListElement":[{"@type":"ListItem","position":1,"name":"In\u00edcio","item":"https:\/\/www.marcelolightwriter.com.br\/"},{"@type":"ListItem","position":2,"name":"Eventos"}]},{"@type":"WebSite","@id":"https:\/\/www.marcelolightwriter.com.br\/#website","url":"https:\/\/www.marcelolightwriter.com.br\/","name":"Marcelo Lightwriter","description":"Capturando momentos aut\u00eanticos com t\u00e9cnica, criatividade e emo\u00e7\u00e3o, em cada clique","potentialAction":[{"@type":"SearchAction","target":{"@type":"EntryPoint","urlTemplate":"https:\/\/www.marcelolightwriter.com.br\/?s={search_term_string}"},"query-input":{"@type":"PropertyValueSpecification","valueRequired":true,"valueName":"search_term_string"}}],"inLanguage":"pt-BR"}]}},"jetpack_sharing_enabled":true,"jetpack_likes_enabled":true,"_links":{"self":[{"href":"https:\/\/marcelolightwriter.com.br\/index.php\/wp-json\/wp\/v2\/pages\/289","targetHints":{"allow":["GET"]}}],"collection":[{"href":"https:\/\/marcelolightwriter.com.br\/index.php\/wp-json\/wp\/v2\/pages"}],"about":[{"href":"https:\/\/marcelolightwriter.com.br\/index.php\/wp-json\/wp\/v2\/types\/page"}],"author":[{"embeddable":true,"href":"https:\/\/marcelolightwriter.com.br\/index.php\/wp-json\/wp\/v2\/users\/1"}],"replies":[{"embeddable":true,"href":"https:\/\/marcelolightwriter.com.br\/index.php\/wp-json\/wp\/v2\/comments?post=289"}],"version-history":[{"count":0,"href":"https:\/\/marcelolightwriter.com.br\/index.php\/wp-json\/wp\/v2\/pages\/289\/revisions"}],"wp:attachment":[{"href":"https:\/\/marcelolightwriter.com.br\/index.php\/wp-json\/wp\/v2\/media?parent=289"}],"curies":[{"name":"wp","href":"https:\/\/api.w.org\/{rel}","templated":true}]}}