{"id":275,"date":"2023-11-20T12:23:10","date_gmt":"2023-11-20T15:23:10","guid":{"rendered":"https:\/\/marcelolightwriter.com.br\/?page_id=275"},"modified":"2025-02-20T08:48:59","modified_gmt":"2025-02-20T11:48:59","slug":"jobs","status":"publish","type":"page","link":"https:\/\/marcelolightwriter.com.br\/index.php\/jobs\/","title":{"rendered":"Portf\u00f3lio"},"content":{"rendered":"\n<div class=\"wp-block-cover has-small-font-size wp-duotone-unset-1\" style=\"min-height:215px;aspect-ratio:unset;\"><span aria-hidden=\"true\" class=\"wp-block-cover__background has-background-dim-0 has-background-dim\"><\/span><img fetchpriority=\"high\" decoding=\"async\" width=\"2048\" height=\"1365\" class=\"wp-block-cover__image-background wp-image-298\" alt=\"\" src=\"https:\/\/marcelolightwriter.com.br\/wp-content\/uploads\/2023\/11\/7V9A1240.jpg\" data-object-fit=\"cover\" srcset=\"https:\/\/marcelolightwriter.com.br\/wp-content\/uploads\/2023\/11\/7V9A1240.jpg 2048w, https:\/\/marcelolightwriter.com.br\/wp-content\/uploads\/2023\/11\/7V9A1240-300x200.jpg 300w, https:\/\/marcelolightwriter.com.br\/wp-content\/uploads\/2023\/11\/7V9A1240-1024x683.jpg 1024w, https:\/\/marcelolightwriter.com.br\/wp-content\/uploads\/2023\/11\/7V9A1240-768x512.jpg 768w, https:\/\/marcelolightwriter.com.br\/wp-content\/uploads\/2023\/11\/7V9A1240-1536x1024.jpg 1536w, https:\/\/marcelolightwriter.com.br\/wp-content\/uploads\/2023\/11\/7V9A1240-1140x760.jpg 1140w\" sizes=\"(max-width: 2048px) 100vw, 2048px\" \/><div class=\"wp-block-cover__inner-container is-layout-flow wp-block-cover-is-layout-flow\">\n<p class=\"has-text-align-center has-white-color has-text-color has-link-color has-large-font-size wp-elements-2042ed8f719bf6552ab9a2f5c25461bb\"><a href=\"https:\/\/marcelolightwriter.com.br\/index.php\/shows\/\" title=\"\"><span style=\"text-decoration: underline;\"><strong>Shows<\/strong><\/span><\/a><\/p>\n<\/div><\/div>\n\n\n\n<p><\/p>\n\n\n\n<div class=\"wp-block-cover\" style=\"min-height:215px;aspect-ratio:unset;\"><span aria-hidden=\"true\" class=\"wp-block-cover__background has-background-dim-0 has-background-dim\"><\/span><img decoding=\"async\" width=\"1024\" height=\"683\" class=\"wp-block-cover__image-background wp-image-62\" alt=\"\" src=\"https:\/\/marcelolightwriter.com.br\/wp-content\/uploads\/2023\/07\/DSC2456-Edit-1024x683.jpg\" data-object-fit=\"cover\" srcset=\"https:\/\/marcelolightwriter.com.br\/wp-content\/uploads\/2023\/07\/DSC2456-Edit-1024x683.jpg 1024w, https:\/\/marcelolightwriter.com.br\/wp-content\/uploads\/2023\/07\/DSC2456-Edit-300x200.jpg 300w, https:\/\/marcelolightwriter.com.br\/wp-content\/uploads\/2023\/07\/DSC2456-Edit-768x512.jpg 768w, https:\/\/marcelolightwriter.com.br\/wp-content\/uploads\/2023\/07\/DSC2456-Edit-1536x1024.jpg 1536w, https:\/\/marcelolightwriter.com.br\/wp-content\/uploads\/2023\/07\/DSC2456-Edit-2048x1366.jpg 2048w, https:\/\/marcelolightwriter.com.br\/wp-content\/uploads\/2023\/07\/DSC2456-Edit-1140x760.jpg 1140w\" sizes=\"(max-width: 1024px) 100vw, 1024px\" \/><div class=\"wp-block-cover__inner-container is-layout-flow wp-block-cover-is-layout-flow\">\n<p class=\"has-text-align-center has-white-color has-text-color has-link-color has-large-font-size wp-elements-0f6224076fe1e969c15f2139d63a0bb2\"><a href=\"https:\/\/marcelolightwriter.com.br\/index.php\/ensaios\/\" title=\"\"><span style=\"text-decoration: underline;\"><strong>Ensaios<\/strong><\/span><\/a><\/p>\n<\/div><\/div>\n\n\n\n<p><\/p>\n\n\n\n<div class=\"wp-block-cover\" style=\"min-height:215px;aspect-ratio:unset;\"><span aria-hidden=\"true\" class=\"wp-block-cover__background has-background-dim-0 has-background-dim\"><\/span><img decoding=\"async\" width=\"2048\" height=\"1365\" class=\"wp-block-cover__image-background wp-image-283\" alt=\"\" src=\"https:\/\/marcelolightwriter.com.br\/wp-content\/uploads\/2023\/11\/7V9A6820-Edit.jpg\" data-object-fit=\"cover\" srcset=\"https:\/\/marcelolightwriter.com.br\/wp-content\/uploads\/2023\/11\/7V9A6820-Edit.jpg 2048w, https:\/\/marcelolightwriter.com.br\/wp-content\/uploads\/2023\/11\/7V9A6820-Edit-300x200.jpg 300w, https:\/\/marcelolightwriter.com.br\/wp-content\/uploads\/2023\/11\/7V9A6820-Edit-1024x683.jpg 1024w, https:\/\/marcelolightwriter.com.br\/wp-content\/uploads\/2023\/11\/7V9A6820-Edit-768x512.jpg 768w, https:\/\/marcelolightwriter.com.br\/wp-content\/uploads\/2023\/11\/7V9A6820-Edit-1536x1024.jpg 1536w, https:\/\/marcelolightwriter.com.br\/wp-content\/uploads\/2023\/11\/7V9A6820-Edit-1140x760.jpg 1140w\" sizes=\"(max-width: 2048px) 100vw, 2048px\" \/><div class=\"wp-block-cover__inner-container is-layout-flow wp-block-cover-is-layout-flow\">\n<p class=\"has-text-align-center has-white-color has-text-color has-link-color has-large-font-size wp-elements-a7c514a82edbea074eaa3ff36c367b21\"><a href=\"https:\/\/marcelolightwriter.com.br\/index.php\/paisagem\/\" title=\"\"><strong>Paisagem<\/strong><\/a><\/p>\n<\/div><\/div>\n\n\n\n<p><\/p>\n\n\n\n<div class=\"wp-block-cover\" style=\"min-height:215px;aspect-ratio:unset;\"><span aria-hidden=\"true\" class=\"wp-block-cover__background has-background-dim-0 has-background-dim\"><\/span><img loading=\"lazy\" decoding=\"async\" width=\"1024\" height=\"683\" class=\"wp-block-cover__image-background wp-image-301\" alt=\"\" src=\"https:\/\/marcelolightwriter.com.br\/wp-content\/uploads\/2023\/11\/NIKON-D55003087-1024x683.jpg\" data-object-fit=\"cover\" srcset=\"https:\/\/marcelolightwriter.com.br\/wp-content\/uploads\/2023\/11\/NIKON-D55003087-1024x683.jpg 1024w, https:\/\/marcelolightwriter.com.br\/wp-content\/uploads\/2023\/11\/NIKON-D55003087-300x200.jpg 300w, https:\/\/marcelolightwriter.com.br\/wp-content\/uploads\/2023\/11\/NIKON-D55003087-768x512.jpg 768w, https:\/\/marcelolightwriter.com.br\/wp-content\/uploads\/2023\/11\/NIKON-D55003087-1140x760.jpg 1140w, https:\/\/marcelolightwriter.com.br\/wp-content\/uploads\/2023\/11\/NIKON-D55003087.jpg 1350w\" sizes=\"(max-width: 1024px) 100vw, 1024px\" \/><div class=\"wp-block-cover__inner-container is-layout-flow wp-block-cover-is-layout-flow\">\n<p class=\"has-text-align-center has-white-color has-text-color has-link-color has-large-font-size wp-elements-17010393288fbbf1a63343c911134e93\"><a href=\"https:\/\/marcelolightwriter.com.br\/index.php\/eventos\/\" title=\"\"><span style=\"text-decoration: underline;\"><strong>Eventos<\/strong><\/span><\/a><\/p>\n<\/div><\/div>\n","protected":false},"excerpt":{"rendered":"","protected":false},"author":1,"featured_media":0,"parent":0,"menu_order":0,"comment_status":"closed","ping_status":"closed","template":"","meta":{"footnotes":""},"class_list":["post-275","page","type-page","status-publish","hentry"],"yoast_head":"<!-- This site is optimized with the Yoast SEO plugin v26.1.1 - https:\/\/yoast.com\/wordpress\/plugins\/seo\/ -->\n<title>Portf\u00f3lio - Marcelo Lightwriter<\/title>\n<meta name=\"robots\" content=\"index, follow, max-snippet:-1, max-image-preview:large, max-video-preview:-1\" \/>\n<link rel=\"canonical\" href=\"https:\/\/marcelolightwriter.com.br\/index.php\/jobs\/\" \/>\n<meta property=\"og:locale\" content=\"pt_BR\" \/>\n<meta property=\"og:type\" content=\"article\" \/>\n<meta property=\"og:title\" content=\"Portf\u00f3lio - Marcelo Lightwriter\" \/>\n<meta property=\"og:url\" content=\"https:\/\/marcelolightwriter.com.br\/index.php\/jobs\/\" \/>\n<meta property=\"og:site_name\" content=\"Marcelo Lightwriter\" \/>\n<meta property=\"article:modified_time\" content=\"2025-02-20T11:48:59+00:00\" \/>\n<meta property=\"og:image\" content=\"https:\/\/marcelolightwriter.com.br\/wp-content\/uploads\/2023\/11\/7V9A1240.jpg\" \/>\n<meta name=\"twitter:card\" content=\"summary_large_image\" \/>\n<script type=\"application\/ld+json\" class=\"yoast-schema-graph\">{\"@context\":\"https:\/\/schema.org\",\"@graph\":[{\"@type\":[\"WebPage\",\"CollectionPage\"],\"@id\":\"https:\/\/marcelolightwriter.com.br\/index.php\/jobs\/\",\"url\":\"https:\/\/marcelolightwriter.com.br\/index.php\/jobs\/\",\"name\":\"Portf\u00f3lio - Marcelo Lightwriter\",\"isPartOf\":{\"@id\":\"https:\/\/www.marcelolightwriter.com.br\/#website\"},\"primaryImageOfPage\":{\"@id\":\"https:\/\/marcelolightwriter.com.br\/index.php\/jobs\/#primaryimage\"},\"image\":{\"@id\":\"https:\/\/marcelolightwriter.com.br\/index.php\/jobs\/#primaryimage\"},\"thumbnailUrl\":\"https:\/\/marcelolightwriter.com.br\/wp-content\/uploads\/2023\/11\/7V9A1240.jpg\",\"datePublished\":\"2023-11-20T15:23:10+00:00\",\"dateModified\":\"2025-02-20T11:48:59+00:00\",\"breadcrumb\":{\"@id\":\"https:\/\/marcelolightwriter.com.br\/index.php\/jobs\/#breadcrumb\"},\"inLanguage\":\"pt-BR\"},{\"@type\":\"ImageObject\",\"inLanguage\":\"pt-BR\",\"@id\":\"https:\/\/marcelolightwriter.com.br\/index.php\/jobs\/#primaryimage\",\"url\":\"https:\/\/marcelolightwriter.com.br\/wp-content\/uploads\/2023\/11\/7V9A1240.jpg\",\"contentUrl\":\"https:\/\/marcelolightwriter.com.br\/wp-content\/uploads\/2023\/11\/7V9A1240.jpg\",\"width\":2048,\"height\":1365},{\"@type\":\"BreadcrumbList\",\"@id\":\"https:\/\/marcelolightwriter.com.br\/index.php\/jobs\/#breadcrumb\",\"itemListElement\":[{\"@type\":\"ListItem\",\"position\":1,\"name\":\"In\u00edcio\",\"item\":\"https:\/\/www.marcelolightwriter.com.br\/\"},{\"@type\":\"ListItem\",\"position\":2,\"name\":\"Portf\u00f3lio\"}]},{\"@type\":\"WebSite\",\"@id\":\"https:\/\/www.marcelolightwriter.com.br\/#website\",\"url\":\"https:\/\/www.marcelolightwriter.com.br\/\",\"name\":\"Marcelo Lightwriter\",\"description\":\"Capturando momentos aut\u00eanticos com t\u00e9cnica, criatividade e emo\u00e7\u00e3o, em cada clique\",\"potentialAction\":[{\"@type\":\"SearchAction\",\"target\":{\"@type\":\"EntryPoint\",\"urlTemplate\":\"https:\/\/www.marcelolightwriter.com.br\/?s={search_term_string}\"},\"query-input\":{\"@type\":\"PropertyValueSpecification\",\"valueRequired\":true,\"valueName\":\"search_term_string\"}}],\"inLanguage\":\"pt-BR\"}]}<\/script>\n<!-- \/ Yoast SEO plugin. -->","yoast_head_json":{"title":"Portf\u00f3lio - Marcelo Lightwriter","robots":{"index":"index","follow":"follow","max-snippet":"max-snippet:-1","max-image-preview":"max-image-preview:large","max-video-preview":"max-video-preview:-1"},"canonical":"https:\/\/marcelolightwriter.com.br\/index.php\/jobs\/","og_locale":"pt_BR","og_type":"article","og_title":"Portf\u00f3lio - Marcelo Lightwriter","og_url":"https:\/\/marcelolightwriter.com.br\/index.php\/jobs\/","og_site_name":"Marcelo Lightwriter","article_modified_time":"2025-02-20T11:48:59+00:00","og_image":[{"url":"https:\/\/marcelolightwriter.com.br\/wp-content\/uploads\/2023\/11\/7V9A1240.jpg","type":"","width":"","height":""}],"twitter_card":"summary_large_image","schema":{"@context":"https:\/\/schema.org","@graph":[{"@type":["WebPage","CollectionPage"],"@id":"https:\/\/marcelolightwriter.com.br\/index.php\/jobs\/","url":"https:\/\/marcelolightwriter.com.br\/index.php\/jobs\/","name":"Portf\u00f3lio - Marcelo Lightwriter","isPartOf":{"@id":"https:\/\/www.marcelolightwriter.com.br\/#website"},"primaryImageOfPage":{"@id":"https:\/\/marcelolightwriter.com.br\/index.php\/jobs\/#primaryimage"},"image":{"@id":"https:\/\/marcelolightwriter.com.br\/index.php\/jobs\/#primaryimage"},"thumbnailUrl":"https:\/\/marcelolightwriter.com.br\/wp-content\/uploads\/2023\/11\/7V9A1240.jpg","datePublished":"2023-11-20T15:23:10+00:00","dateModified":"2025-02-20T11:48:59+00:00","breadcrumb":{"@id":"https:\/\/marcelolightwriter.com.br\/index.php\/jobs\/#breadcrumb"},"inLanguage":"pt-BR"},{"@type":"ImageObject","inLanguage":"pt-BR","@id":"https:\/\/marcelolightwriter.com.br\/index.php\/jobs\/#primaryimage","url":"https:\/\/marcelolightwriter.com.br\/wp-content\/uploads\/2023\/11\/7V9A1240.jpg","contentUrl":"https:\/\/marcelolightwriter.com.br\/wp-content\/uploads\/2023\/11\/7V9A1240.jpg","width":2048,"height":1365},{"@type":"BreadcrumbList","@id":"https:\/\/marcelolightwriter.com.br\/index.php\/jobs\/#breadcrumb","itemListElement":[{"@type":"ListItem","position":1,"name":"In\u00edcio","item":"https:\/\/www.marcelolightwriter.com.br\/"},{"@type":"ListItem","position":2,"name":"Portf\u00f3lio"}]},{"@type":"WebSite","@id":"https:\/\/www.marcelolightwriter.com.br\/#website","url":"https:\/\/www.marcelolightwriter.com.br\/","name":"Marcelo Lightwriter","description":"Capturando momentos aut\u00eanticos com t\u00e9cnica, criatividade e emo\u00e7\u00e3o, em cada clique","potentialAction":[{"@type":"SearchAction","target":{"@type":"EntryPoint","urlTemplate":"https:\/\/www.marcelolightwriter.com.br\/?s={search_term_string}"},"query-input":{"@type":"PropertyValueSpecification","valueRequired":true,"valueName":"search_term_string"}}],"inLanguage":"pt-BR"}]}},"jetpack_sharing_enabled":true,"jetpack_likes_enabled":true,"_links":{"self":[{"href":"https:\/\/marcelolightwriter.com.br\/index.php\/wp-json\/wp\/v2\/pages\/275","targetHints":{"allow":["GET"]}}],"collection":[{"href":"https:\/\/marcelolightwriter.com.br\/index.php\/wp-json\/wp\/v2\/pages"}],"about":[{"href":"https:\/\/marcelolightwriter.com.br\/index.php\/wp-json\/wp\/v2\/types\/page"}],"author":[{"embeddable":true,"href":"https:\/\/marcelolightwriter.com.br\/index.php\/wp-json\/wp\/v2\/users\/1"}],"replies":[{"embeddable":true,"href":"https:\/\/marcelolightwriter.com.br\/index.php\/wp-json\/wp\/v2\/comments?post=275"}],"version-history":[{"count":0,"href":"https:\/\/marcelolightwriter.com.br\/index.php\/wp-json\/wp\/v2\/pages\/275\/revisions"}],"wp:attachment":[{"href":"https:\/\/marcelolightwriter.com.br\/index.php\/wp-json\/wp\/v2\/media?parent=275"}],"curies":[{"name":"wp","href":"https:\/\/api.w.org\/{rel}","templated":true}]}}