{"id":108,"date":"2023-07-19T22:00:51","date_gmt":"2023-07-20T01:00:51","guid":{"rendered":"https:\/\/marcelolightwriter.com.br\/?page_id=108"},"modified":"2025-02-23T14:30:37","modified_gmt":"2025-02-23T17:30:37","slug":"sobre-min","status":"publish","type":"page","link":"https:\/\/marcelolightwriter.com.br\/index.php\/sobre-min\/","title":{"rendered":"Sobre mim"},"content":{"rendered":"\n<p>Ol\u00e1, <\/p>\n\n\n\n<p>Sou <strong>Marcelo Lightwriter<\/strong>, fot\u00f3grafo e produtor audiovisual carioca. Com uma paix\u00e3o pela arte de capturar momentos aut\u00eanticos, busco sempre transformar cada imagem em uma mem\u00f3ria inesquec\u00edvel. Minha forma\u00e7\u00e3o em Fotografia pela Universidade Est\u00e1cio de S\u00e1 me proporcionou uma base t\u00e9cnica s\u00f3lida, enquanto minha vis\u00e3o criativa me permite explorar diferentes estilos e ambientes, sempre buscando o melhor resultado visual.<\/p>\n\n\n\n<p>Atuo em diversas \u00e1reas, incluindo <strong>eventos, shows, esportes, fotografia publicit\u00e1ria, ensaios e fotografia corporativa<\/strong>, criando imagens impactantes e de alta qualidade. Tive a oportunidade de cobrir grandes eventos, como a <strong>Brasil Game Show<\/strong>, o <strong>Milhas Summit 2022<\/strong>, e shows de artistas renomados como <strong>Isabela Taviane, Biquini Cavad\u00e3o, Scott Stapp<\/strong> e muitos outros. Tamb\u00e9m trabalhei com a <strong>Confedera\u00e7\u00e3o Brasileira de T\u00eanis de Mesa (CBTM)<\/strong> na cobertura de competi\u00e7\u00f5es esportivas.<\/p>\n\n\n\n<p>Utilizo minha experi\u00eancia em ilumina\u00e7\u00e3o, combinada com poderosas ferramentas de edi\u00e7\u00e3o, para garantir fotos que emocionam e capturam a ess\u00eancia de cada momento.<\/p>\n\n\n\n<p>Com uma trajet\u00f3ria que percorre as principais cidades do Brasil \u2013 <strong>Rio de Janeiro<\/strong>, <strong>S\u00e3o Paulo<\/strong> e <strong>Salvador<\/strong> \u2013 meu objetivo \u00e9 entregar resultados excepcionais, sempre com um toque<strong> \u00fanico<\/strong> e aut\u00eantico. <strong>Vamos criar algo inesquec\u00edvel juntos?<\/strong><\/p>\n\n\n\n<p><\/p>\n","protected":false},"excerpt":{"rendered":"<p>Ol\u00e1, Sou Marcelo Lightwriter, fot\u00f3grafo e produtor audiovisual carioca. Com uma paix\u00e3o pela arte de capturar momentos aut\u00eanticos, busco sempre transformar cada imagem em uma mem\u00f3ria inesquec\u00edvel. Minha forma\u00e7\u00e3o em Fotografia pela Universidade Est\u00e1cio de S\u00e1 me proporcionou uma base t\u00e9cnica s\u00f3lida, enquanto minha vis\u00e3o criativa me permite explorar diferentes estilos e ambientes, sempre buscando o melhor resultado visual. Atuo em diversas \u00e1reas, incluindo eventos, shows, esportes, fotografia publicit\u00e1ria, ensaios e fotografia corporativa, criando imagens impactantes e de alta qualidade. Tive a oportunidade de cobrir grandes eventos, como a Brasil Game Show, o Milhas Summit 2022, e shows de artistas renomados como Isabela Taviane, Biquini Cavad\u00e3o, Scott Stapp e muitos outros. Tamb\u00e9m trabalhei com a Confedera\u00e7\u00e3o Brasileira de T\u00eanis de Mesa (CBTM) na cobertura de competi\u00e7\u00f5es esportivas. Utilizo minha experi\u00eancia em ilumina\u00e7\u00e3o, combinada com poderosas ferramentas de edi\u00e7\u00e3o, para garantir fotos que emocionam e capturam a ess\u00eancia de cada momento. Com uma trajet\u00f3ria que percorre as principais cidades do Brasil \u2013 Rio de Janeiro, S\u00e3o Paulo e Salvador \u2013 meu objetivo \u00e9 entregar resultados excepcionais, sempre com um toque \u00fanico e aut\u00eantico. Vamos criar algo inesquec\u00edvel juntos?<\/p>\n","protected":false},"author":1,"featured_media":0,"parent":0,"menu_order":0,"comment_status":"closed","ping_status":"closed","template":"","meta":{"footnotes":""},"class_list":["post-108","page","type-page","status-publish","hentry"],"yoast_head":"<!-- This site is optimized with the Yoast SEO plugin v26.1.1 - https:\/\/yoast.com\/wordpress\/plugins\/seo\/ -->\n<title>Sobre mim - Marcelo Lightwriter<\/title>\n<meta name=\"robots\" content=\"index, follow, max-snippet:-1, max-image-preview:large, max-video-preview:-1\" \/>\n<link rel=\"canonical\" href=\"https:\/\/marcelolightwriter.com.br\/index.php\/sobre-min\/\" \/>\n<meta property=\"og:locale\" content=\"pt_BR\" \/>\n<meta property=\"og:type\" content=\"article\" \/>\n<meta property=\"og:title\" content=\"Sobre mim - Marcelo Lightwriter\" \/>\n<meta property=\"og:description\" content=\"Ol\u00e1, Sou Marcelo Lightwriter, fot\u00f3grafo e produtor audiovisual carioca. Com uma paix\u00e3o pela arte de capturar momentos aut\u00eanticos, busco sempre transformar cada imagem em uma mem\u00f3ria inesquec\u00edvel. Minha forma\u00e7\u00e3o em Fotografia pela Universidade Est\u00e1cio de S\u00e1 me proporcionou uma base t\u00e9cnica s\u00f3lida, enquanto minha vis\u00e3o criativa me permite explorar diferentes estilos e ambientes, sempre buscando o melhor resultado visual. Atuo em diversas \u00e1reas, incluindo eventos, shows, esportes, fotografia publicit\u00e1ria, ensaios e fotografia corporativa, criando imagens impactantes e de alta qualidade. Tive a oportunidade de cobrir grandes eventos, como a Brasil Game Show, o Milhas Summit 2022, e shows de artistas renomados como Isabela Taviane, Biquini Cavad\u00e3o, Scott Stapp e muitos outros. Tamb\u00e9m trabalhei com a Confedera\u00e7\u00e3o Brasileira de T\u00eanis de Mesa (CBTM) na cobertura de competi\u00e7\u00f5es esportivas. Utilizo minha experi\u00eancia em ilumina\u00e7\u00e3o, combinada com poderosas ferramentas de edi\u00e7\u00e3o, para garantir fotos que emocionam e capturam a ess\u00eancia de cada momento. Com uma trajet\u00f3ria que percorre as principais cidades do Brasil \u2013 Rio de Janeiro, S\u00e3o Paulo e Salvador \u2013 meu objetivo \u00e9 entregar resultados excepcionais, sempre com um toque \u00fanico e aut\u00eantico. Vamos criar algo inesquec\u00edvel juntos?\" \/>\n<meta property=\"og:url\" content=\"https:\/\/marcelolightwriter.com.br\/index.php\/sobre-min\/\" \/>\n<meta property=\"og:site_name\" content=\"Marcelo Lightwriter\" \/>\n<meta property=\"article:modified_time\" content=\"2025-02-23T17:30:37+00:00\" \/>\n<meta name=\"twitter:card\" content=\"summary_large_image\" \/>\n<meta name=\"twitter:label1\" content=\"Est. tempo de leitura\" \/>\n\t<meta name=\"twitter:data1\" content=\"2 minutos\" \/>\n<script type=\"application\/ld+json\" class=\"yoast-schema-graph\">{\"@context\":\"https:\/\/schema.org\",\"@graph\":[{\"@type\":\"WebPage\",\"@id\":\"https:\/\/marcelolightwriter.com.br\/index.php\/sobre-min\/\",\"url\":\"https:\/\/marcelolightwriter.com.br\/index.php\/sobre-min\/\",\"name\":\"Sobre mim - Marcelo Lightwriter\",\"isPartOf\":{\"@id\":\"https:\/\/www.marcelolightwriter.com.br\/#website\"},\"datePublished\":\"2023-07-20T01:00:51+00:00\",\"dateModified\":\"2025-02-23T17:30:37+00:00\",\"breadcrumb\":{\"@id\":\"https:\/\/marcelolightwriter.com.br\/index.php\/sobre-min\/#breadcrumb\"},\"inLanguage\":\"pt-BR\",\"potentialAction\":[{\"@type\":\"ReadAction\",\"target\":[\"https:\/\/marcelolightwriter.com.br\/index.php\/sobre-min\/\"]}]},{\"@type\":\"BreadcrumbList\",\"@id\":\"https:\/\/marcelolightwriter.com.br\/index.php\/sobre-min\/#breadcrumb\",\"itemListElement\":[{\"@type\":\"ListItem\",\"position\":1,\"name\":\"In\u00edcio\",\"item\":\"https:\/\/www.marcelolightwriter.com.br\/\"},{\"@type\":\"ListItem\",\"position\":2,\"name\":\"Sobre mim\"}]},{\"@type\":\"WebSite\",\"@id\":\"https:\/\/www.marcelolightwriter.com.br\/#website\",\"url\":\"https:\/\/www.marcelolightwriter.com.br\/\",\"name\":\"Marcelo Lightwriter\",\"description\":\"Capturando momentos aut\u00eanticos com t\u00e9cnica, criatividade e emo\u00e7\u00e3o, em cada clique\",\"potentialAction\":[{\"@type\":\"SearchAction\",\"target\":{\"@type\":\"EntryPoint\",\"urlTemplate\":\"https:\/\/www.marcelolightwriter.com.br\/?s={search_term_string}\"},\"query-input\":{\"@type\":\"PropertyValueSpecification\",\"valueRequired\":true,\"valueName\":\"search_term_string\"}}],\"inLanguage\":\"pt-BR\"}]}<\/script>\n<!-- \/ Yoast SEO plugin. -->","yoast_head_json":{"title":"Sobre mim - Marcelo Lightwriter","robots":{"index":"index","follow":"follow","max-snippet":"max-snippet:-1","max-image-preview":"max-image-preview:large","max-video-preview":"max-video-preview:-1"},"canonical":"https:\/\/marcelolightwriter.com.br\/index.php\/sobre-min\/","og_locale":"pt_BR","og_type":"article","og_title":"Sobre mim - Marcelo Lightwriter","og_description":"Ol\u00e1, Sou Marcelo Lightwriter, fot\u00f3grafo e produtor audiovisual carioca. Com uma paix\u00e3o pela arte de capturar momentos aut\u00eanticos, busco sempre transformar cada imagem em uma mem\u00f3ria inesquec\u00edvel. Minha forma\u00e7\u00e3o em Fotografia pela Universidade Est\u00e1cio de S\u00e1 me proporcionou uma base t\u00e9cnica s\u00f3lida, enquanto minha vis\u00e3o criativa me permite explorar diferentes estilos e ambientes, sempre buscando o melhor resultado visual. Atuo em diversas \u00e1reas, incluindo eventos, shows, esportes, fotografia publicit\u00e1ria, ensaios e fotografia corporativa, criando imagens impactantes e de alta qualidade. Tive a oportunidade de cobrir grandes eventos, como a Brasil Game Show, o Milhas Summit 2022, e shows de artistas renomados como Isabela Taviane, Biquini Cavad\u00e3o, Scott Stapp e muitos outros. Tamb\u00e9m trabalhei com a Confedera\u00e7\u00e3o Brasileira de T\u00eanis de Mesa (CBTM) na cobertura de competi\u00e7\u00f5es esportivas. Utilizo minha experi\u00eancia em ilumina\u00e7\u00e3o, combinada com poderosas ferramentas de edi\u00e7\u00e3o, para garantir fotos que emocionam e capturam a ess\u00eancia de cada momento. Com uma trajet\u00f3ria que percorre as principais cidades do Brasil \u2013 Rio de Janeiro, S\u00e3o Paulo e Salvador \u2013 meu objetivo \u00e9 entregar resultados excepcionais, sempre com um toque \u00fanico e aut\u00eantico. Vamos criar algo inesquec\u00edvel juntos?","og_url":"https:\/\/marcelolightwriter.com.br\/index.php\/sobre-min\/","og_site_name":"Marcelo Lightwriter","article_modified_time":"2025-02-23T17:30:37+00:00","twitter_card":"summary_large_image","twitter_misc":{"Est. tempo de leitura":"2 minutos"},"schema":{"@context":"https:\/\/schema.org","@graph":[{"@type":"WebPage","@id":"https:\/\/marcelolightwriter.com.br\/index.php\/sobre-min\/","url":"https:\/\/marcelolightwriter.com.br\/index.php\/sobre-min\/","name":"Sobre mim - Marcelo Lightwriter","isPartOf":{"@id":"https:\/\/www.marcelolightwriter.com.br\/#website"},"datePublished":"2023-07-20T01:00:51+00:00","dateModified":"2025-02-23T17:30:37+00:00","breadcrumb":{"@id":"https:\/\/marcelolightwriter.com.br\/index.php\/sobre-min\/#breadcrumb"},"inLanguage":"pt-BR","potentialAction":[{"@type":"ReadAction","target":["https:\/\/marcelolightwriter.com.br\/index.php\/sobre-min\/"]}]},{"@type":"BreadcrumbList","@id":"https:\/\/marcelolightwriter.com.br\/index.php\/sobre-min\/#breadcrumb","itemListElement":[{"@type":"ListItem","position":1,"name":"In\u00edcio","item":"https:\/\/www.marcelolightwriter.com.br\/"},{"@type":"ListItem","position":2,"name":"Sobre mim"}]},{"@type":"WebSite","@id":"https:\/\/www.marcelolightwriter.com.br\/#website","url":"https:\/\/www.marcelolightwriter.com.br\/","name":"Marcelo Lightwriter","description":"Capturando momentos aut\u00eanticos com t\u00e9cnica, criatividade e emo\u00e7\u00e3o, em cada clique","potentialAction":[{"@type":"SearchAction","target":{"@type":"EntryPoint","urlTemplate":"https:\/\/www.marcelolightwriter.com.br\/?s={search_term_string}"},"query-input":{"@type":"PropertyValueSpecification","valueRequired":true,"valueName":"search_term_string"}}],"inLanguage":"pt-BR"}]}},"jetpack_sharing_enabled":true,"jetpack_likes_enabled":true,"_links":{"self":[{"href":"https:\/\/marcelolightwriter.com.br\/index.php\/wp-json\/wp\/v2\/pages\/108","targetHints":{"allow":["GET"]}}],"collection":[{"href":"https:\/\/marcelolightwriter.com.br\/index.php\/wp-json\/wp\/v2\/pages"}],"about":[{"href":"https:\/\/marcelolightwriter.com.br\/index.php\/wp-json\/wp\/v2\/types\/page"}],"author":[{"embeddable":true,"href":"https:\/\/marcelolightwriter.com.br\/index.php\/wp-json\/wp\/v2\/users\/1"}],"replies":[{"embeddable":true,"href":"https:\/\/marcelolightwriter.com.br\/index.php\/wp-json\/wp\/v2\/comments?post=108"}],"version-history":[{"count":0,"href":"https:\/\/marcelolightwriter.com.br\/index.php\/wp-json\/wp\/v2\/pages\/108\/revisions"}],"wp:attachment":[{"href":"https:\/\/marcelolightwriter.com.br\/index.php\/wp-json\/wp\/v2\/media?parent=108"}],"curies":[{"name":"wp","href":"https:\/\/api.w.org\/{rel}","templated":true}]}}